{"id":223,"date":"2024-10-09T18:08:16","date_gmt":"2024-10-09T16:08:16","guid":{"rendered":"https:\/\/www.ubytovanieupetra.sk\/?page_id=223"},"modified":"2024-10-31T16:04:06","modified_gmt":"2024-10-31T15:04:06","slug":"kontakt","status":"publish","type":"page","link":"https:\/\/www.ubytovanieupetra.sk\/?page_id=223","title":{"rendered":"Kontakt"},"content":{"rendered":"\t\t<div data-elementor-type=\"wp-page\" data-elementor-id=\"223\" class=\"elementor elementor-223\">\n\t\t\t\t<div class=\"elementor-element elementor-element-224cab35 e-flex e-con-boxed e-con e-parent\" data-id=\"224cab35\" data-element_type=\"container\" data-settings=\"{&quot;shape_divider_bottom&quot;:&quot;mountains&quot;}\">\n\t\t\t\t\t<div class=\"e-con-inner\">\n\t\t\t\t<div class=\"elementor-shape elementor-shape-bottom\" data-negative=\"false\">\n\t\t\t<svg xmlns=\"http:\/\/www.w3.org\/2000\/svg\" viewBox=\"0 0 1000 100\" preserveAspectRatio=\"none\">\n\t<path class=\"elementor-shape-fill\" opacity=\"0.33\" d=\"M473,67.3c-203.9,88.3-263.1-34-320.3,0C66,119.1,0,59.7,0,59.7V0h1000v59.7 c0,0-62.1,26.1-94.9,29.3c-32.8,3.3-62.8-12.3-75.8-22.1C806,49.6,745.3,8.7,694.9,4.7S492.4,59,473,67.3z\"\/>\n\t<path class=\"elementor-shape-fill\" opacity=\"0.66\" d=\"M734,67.3c-45.5,0-77.2-23.2-129.1-39.1c-28.6-8.7-150.3-10.1-254,39.1 s-91.7-34.4-149.2,0C115.7,118.3,0,39.8,0,39.8V0h1000v36.5c0,0-28.2-18.5-92.1-18.5C810.2,18.1,775.7,67.3,734,67.3z\"\/>\n\t<path class=\"elementor-shape-fill\" d=\"M766.1,28.9c-200-57.5-266,65.5-395.1,19.5C242,1.8,242,5.4,184.8,20.6C128,35.8,132.3,44.9,89.9,52.5C28.6,63.7,0,0,0,0 h1000c0,0-9.9,40.9-83.6,48.1S829.6,47,766.1,28.9z\"\/>\n<\/svg>\t\t<\/div>\n\t\t\t\t<div class=\"elementor-element elementor-element-55cd3657 elementor-widget elementor-widget-heading\" data-id=\"55cd3657\" data-element_type=\"widget\" data-widget_type=\"heading.default\">\n\t\t\t\t<div class=\"elementor-widget-container\">\n\t\t\t<h3 class=\"elementor-heading-title elementor-size-default\">Kontaktujte n\u00e1s \u2013 te\u0161\u00edme sa na va\u0161u n\u00e1v\u0161tevu!<\/h3>\t\t<\/div>\n\t\t\t\t<\/div>\n\t\t\t\t<div class=\"elementor-element elementor-element-7c6338e8 elementor-widget elementor-widget-text-editor\" data-id=\"7c6338e8\" data-element_type=\"widget\" data-widget_type=\"text-editor.default\">\n\t\t\t\t<div class=\"elementor-widget-container\">\n\t\t\t\t\t\t\t<p><b>Vypl\u0148te formul\u00e1r<\/b> ni\u017e\u0161ie <b>alebo n\u00e1m zavolajte.<\/b>&nbsp;<\/p>\t\t\t\t\t\t<\/div>\n\t\t\t\t<\/div>\n\t\t<div class=\"elementor-element elementor-element-abe39b1 e-grid e-con-full e-con e-child\" data-id=\"abe39b1\" data-element_type=\"container\">\n\t\t\t\t<div class=\"elementor-element elementor-element-3daeb660 elementor-align-center elementor-mobile-align-center elementor-widget elementor-widget-button\" data-id=\"3daeb660\" data-element_type=\"widget\" data-widget_type=\"button.default\">\n\t\t\t\t<div class=\"elementor-widget-container\">\n\t\t\t\t\t\t\t<div class=\"elementor-button-wrapper\">\n\t\t\t\t\t<a class=\"elementor-button elementor-button-link elementor-size-sm\" href=\"#\">\n\t\t\t\t\t\t<span class=\"elementor-button-content-wrapper\">\n\t\t\t\t\t\t\t\t\t<span class=\"elementor-button-text\">Overi\u0165 dostupnos\u0165<\/span>\n\t\t\t\t\t<\/span>\n\t\t\t\t\t<\/a>\n\t\t\t\t<\/div>\n\t\t\t\t\t\t<\/div>\n\t\t\t\t<\/div>\n\t\t\t\t<div class=\"elementor-element elementor-element-1da014f elementor-align-center elementor-mobile-align-center elementor-widget elementor-widget-button\" data-id=\"1da014f\" data-element_type=\"widget\" data-widget_type=\"button.default\">\n\t\t\t\t<div class=\"elementor-widget-container\">\n\t\t\t\t\t\t\t<div class=\"elementor-button-wrapper\">\n\t\t\t\t\t<a class=\"elementor-button elementor-button-link elementor-size-sm\" href=\"tel:+421905119255\">\n\t\t\t\t\t\t<span class=\"elementor-button-content-wrapper\">\n\t\t\t\t\t\t\t\t\t<span class=\"elementor-button-text\">+421 905 119 255<\/span>\n\t\t\t\t\t<\/span>\n\t\t\t\t\t<\/a>\n\t\t\t\t<\/div>\n\t\t\t\t\t\t<\/div>\n\t\t\t\t<\/div>\n\t\t\t\t<\/div>\n\t\t\t\t\t<\/div>\n\t\t\t\t<\/div>\n\t\t<div class=\"elementor-element elementor-element-de88f00 e-flex e-con-boxed e-con e-parent\" data-id=\"de88f00\" data-element_type=\"container\">\n\t\t\t\t\t<div class=\"e-con-inner\">\n\t\t<div class=\"elementor-element elementor-element-3bc939d e-con-full e-flex e-con e-child\" data-id=\"3bc939d\" data-element_type=\"container\">\n\t\t\t\t<div class=\"elementor-element elementor-element-e010858 elementor-widget elementor-widget-elementskit-contact-form7\" data-id=\"e010858\" data-element_type=\"widget\" data-widget_type=\"elementskit-contact-form7.default\">\n\t\t\t\t<div class=\"elementor-widget-container\">\n\t\t\t<div class=\"ekit-wid-con\" ><div class=\"ekit-form\">\n<div class=\"wpcf7 no-js\" id=\"wpcf7-f192-p223-o1\" lang=\"sk-SK\" dir=\"ltr\">\n<div class=\"screen-reader-response\"><p role=\"status\" aria-live=\"polite\" aria-atomic=\"true\"><\/p> <ul><\/ul><\/div>\n<form action=\"\/?page_id=223%5C%27123#wpcf7-f192-p223-o1\" method=\"post\" class=\"wpcf7-form init\" aria-label=\"Kontaktn\u00fd formul\u00e1r\" novalidate=\"novalidate\" data-status=\"init\">\n<div style=\"display: none;\">\n<input type=\"hidden\" name=\"_wpcf7\" value=\"192\" \/>\n<input type=\"hidden\" name=\"_wpcf7_version\" value=\"5.9.8\" \/>\n<input type=\"hidden\" name=\"_wpcf7_locale\" value=\"sk_SK\" \/>\n<input type=\"hidden\" name=\"_wpcf7_unit_tag\" value=\"wpcf7-f192-p223-o1\" \/>\n<input type=\"hidden\" name=\"_wpcf7_container_post\" value=\"223\" \/>\n<input type=\"hidden\" name=\"_wpcf7_posted_data_hash\" value=\"\" \/>\n<\/div>\n<p><label> Va\u0161e meno<br \/>\n<span class=\"wpcf7-form-control-wrap\" data-name=\"your-name\"><input size=\"40\" maxlength=\"400\" class=\"wpcf7-form-control wpcf7-text wpcf7-validates-as-required\" autocomplete=\"name\" aria-required=\"true\" aria-invalid=\"false\" value=\"\" type=\"text\" name=\"your-name\" \/><\/span> <\/label>\n<\/p>\n<p><label> V\u00e1\u0161 email<br \/>\n<span class=\"wpcf7-form-control-wrap\" data-name=\"your-email\"><input size=\"40\" maxlength=\"400\" class=\"wpcf7-form-control wpcf7-email wpcf7-validates-as-required wpcf7-text wpcf7-validates-as-email\" autocomplete=\"email\" aria-required=\"true\" aria-invalid=\"false\" value=\"\" type=\"email\" name=\"your-email\" \/><\/span> <\/label>\n<\/p>\n<p><label> Predmet<br \/>\n<span class=\"wpcf7-form-control-wrap\" data-name=\"your-subject\"><input size=\"40\" maxlength=\"400\" class=\"wpcf7-form-control wpcf7-text wpcf7-validates-as-required\" aria-required=\"true\" aria-invalid=\"false\" value=\"\" type=\"text\" name=\"your-subject\" \/><\/span> <\/label>\n<\/p>\n<p><label> Va\u0161a spr\u00e1va (volite\u013en\u00e9)<br \/>\n<span class=\"wpcf7-form-control-wrap\" data-name=\"your-message\"><textarea cols=\"40\" rows=\"10\" maxlength=\"2000\" class=\"wpcf7-form-control wpcf7-textarea\" aria-invalid=\"false\" name=\"your-message\"><\/textarea><\/span> <\/label>\n<\/p>\n<p><input class=\"wpcf7-form-control wpcf7-submit has-spinner\" type=\"submit\" value=\"Odosla\u0165\" \/>\n<\/p><div class=\"wpcf7-response-output\" aria-hidden=\"true\"><\/div>\n<\/form>\n<\/div>\n<\/div><\/div>\t\t<\/div>\n\t\t\t\t<\/div>\n\t\t\t\t<\/div>\n\t\t<div class=\"elementor-element elementor-element-610acf0 e-con-full e-flex e-con e-child\" data-id=\"610acf0\" data-element_type=\"container\">\n\t\t\t\t<div class=\"elementor-element elementor-element-5c66958 elementor-widget elementor-widget-google_maps\" data-id=\"5c66958\" data-element_type=\"widget\" data-widget_type=\"google_maps.default\">\n\t\t\t\t<div class=\"elementor-widget-container\">\n\t\t\t\t\t<div class=\"elementor-custom-embed\">\n\t\t\t<iframe loading=\"lazy\"\n\t\t\t\t\tsrc=\"https:\/\/maps.google.com\/maps?q=O%C5%A1%C4%8Dadnica%201363&#038;t=m&#038;z=17&#038;output=embed&#038;iwloc=near\"\n\t\t\t\t\ttitle=\"O\u0161\u010dadnica 1363\"\n\t\t\t\t\taria-label=\"O\u0161\u010dadnica 1363\"\n\t\t\t><\/iframe>\n\t\t<\/div>\n\t\t\t\t<\/div>\n\t\t\t\t<\/div>\n\t\t\t\t<\/div>\n\t\t\t\t\t<\/div>\n\t\t\t\t<\/div>\n\t\t<div class=\"elementor-element elementor-element-16c7efca e-con-full e-flex e-con e-parent\" data-id=\"16c7efca\" data-element_type=\"container\" id=\"next\" data-settings=\"{&quot;background_background&quot;:&quot;classic&quot;}\">\n\t\t\t\t<div class=\"elementor-element elementor-element-80af6ab elementor-widget elementor-widget-heading\" data-id=\"80af6ab\" data-element_type=\"widget\" data-widget_type=\"heading.default\">\n\t\t\t\t<div class=\"elementor-widget-container\">\n\t\t\t<h3 class=\"elementor-heading-title elementor-size-default\">Kam na v\u00fdlet ?<\/h3>\t\t<\/div>\n\t\t\t\t<\/div>\n\t\t\t\t<div class=\"elementor-element elementor-element-63bda548 elementor-widget elementor-widget-heading\" data-id=\"63bda548\" data-element_type=\"widget\" data-widget_type=\"heading.default\">\n\t\t\t\t<div class=\"elementor-widget-container\">\n\t\t\t<p class=\"elementor-heading-title elementor-size-default\">Spoznajte regi\u00f3n v okol\u00ed<\/p>\t\t<\/div>\n\t\t\t\t<\/div>\n\t\t\t\t<div class=\"elementor-element elementor-element-005e1f8 elementor-widget elementor-widget-text-editor\" data-id=\"005e1f8\" data-element_type=\"widget\" data-widget_type=\"text-editor.default\">\n\t\t\t\t<div class=\"elementor-widget-container\">\n\t\t\t\t\t\t\t<p>zdroj: https:\/\/snowparadise.sk\/ , https:\/\/www.kysuckagaleria.sk\/<\/p>\t\t\t\t\t\t<\/div>\n\t\t\t\t<\/div>\n\t\t<div class=\"elementor-element elementor-element-29321b5d e-con-full e-flex e-con e-child\" data-id=\"29321b5d\" data-element_type=\"container\">\n\t\t<div class=\"elementor-element elementor-element-18650be8 e-con-full e-flex e-con e-child\" data-id=\"18650be8\" data-element_type=\"container\">\n\t\t\t\t<div class=\"elementor-element elementor-element-1721120e elementor-position-top elementor-widget elementor-widget-image-box\" data-id=\"1721120e\" data-element_type=\"widget\" data-widget_type=\"image-box.default\">\n\t\t\t\t<div class=\"elementor-widget-container\">\n\t\t\t<div class=\"elementor-image-box-wrapper\"><figure class=\"elementor-image-box-img\"><a href=\"#\" tabindex=\"-1\"><img decoding=\"async\" src=\"https:\/\/www.ubytovanieupetra.sk\/wp-content\/uploads\/elementor\/thumbs\/bobova-draha-qukmrjso9ue4zmm68qy3ri0lb4x0ipytkcwsa74oi6.jpg\" title=\"bobova-draha\" alt=\"bobova-draha\" class=\"elementor-animation-grow\" loading=\"lazy\" \/><\/a><\/figure><div class=\"elementor-image-box-content\"><h4 class=\"elementor-image-box-title\"><a href=\"#\">Snowparadise Ve\u013ek\u00e1 ra\u010da<\/a><\/h4><p class=\"elementor-image-box-description\">Ve\u013ek\u00e1 Ra\u010da je v\u00fdznamn\u00fd <b>turistick\u00fd<\/b> a <b>ly\u017eiarsky cie\u013e<\/b> na Kysuciach, najvy\u0161\u0161\u00ed vrch Kysuck\u00fdch Besk\u00fdd. <b>Bobov\u00e1 dr\u00e1ha<\/b> <b>je<\/b> <b>najdlh\u0161ou dr\u00e1hou na Slovensku, s d\u013a\u017ekou 1300 metrov<\/b>. Prejazd\u00edte 15 z\u00e1krutami a 12 skokmi, pri\u010dom dosiahnete r\u00fdchlos\u0165 a\u017e 40 km\/h. Dr\u00e1ha je <b>v prev\u00e1dzke celoro\u010dne.<\/b><\/p><\/div><\/div>\t\t<\/div>\n\t\t\t\t<\/div>\n\t\t\t\t<\/div>\n\t\t<div class=\"elementor-element elementor-element-3d72295f e-con-full e-flex e-con e-child\" data-id=\"3d72295f\" data-element_type=\"container\">\n\t\t\t\t<div class=\"elementor-element elementor-element-28bdbdb7 elementor-position-top elementor-widget elementor-widget-image-box\" data-id=\"28bdbdb7\" data-element_type=\"widget\" data-widget_type=\"image-box.default\">\n\t\t\t\t<div class=\"elementor-widget-container\">\n\t\t\t<div class=\"elementor-image-box-wrapper\"><figure class=\"elementor-image-box-img\"><a href=\"#\" tabindex=\"-1\"><img fetchpriority=\"high\" decoding=\"async\" width=\"666\" height=\"500\" src=\"https:\/\/www.ubytovanieupetra.sk\/wp-content\/uploads\/2024\/09\/2150880470-e1727168934236.jpg\" class=\"elementor-animation-grow attachment-full size-full wp-image-66\" alt=\"\" srcset=\"https:\/\/www.ubytovanieupetra.sk\/wp-content\/uploads\/2024\/09\/2150880470-e1727168934236.jpg 666w, https:\/\/www.ubytovanieupetra.sk\/wp-content\/uploads\/2024\/09\/2150880470-e1727168934236-300x225.jpg 300w\" sizes=\"(max-width: 666px) 100vw, 666px\" \/><\/a><\/figure><div class=\"elementor-image-box-content\"><h4 class=\"elementor-image-box-title\"><a href=\"#\">Cykloturistika<\/a><\/h4><p class=\"elementor-image-box-description\"><b>Cyklotrasa<\/b> O\u0161\u010dadnica \u2013 Vy\u0161n\u00fd koniec \u2013 \u0160vanc\u00e1re, ktor\u00e1 <b>m\u00e1 d\u013a\u017eku 17 km a vedie kr\u00e1snymi lesn\u00fdmi \u00fasekmi s v\u00fdh\u013eadmi na Ve\u013ek\u00fa Ra\u010du<\/b>. Trasa je vhodn\u00e1 pre horsk\u00e9 bicykle, prech\u00e1dza asfaltov\u00fdmi aj spevnen\u00fdmi lesn\u00fdmi cestami a pon\u00faka stredn\u00fa n\u00e1ro\u010dnos\u0165.<\/p><\/div><\/div>\t\t<\/div>\n\t\t\t\t<\/div>\n\t\t\t\t<\/div>\n\t\t<div class=\"elementor-element elementor-element-6c044c20 e-con-full e-flex e-con e-child\" data-id=\"6c044c20\" data-element_type=\"container\">\n\t\t\t\t<div class=\"elementor-element elementor-element-4ff422f0 elementor-position-top elementor-widget elementor-widget-image-box\" data-id=\"4ff422f0\" data-element_type=\"widget\" data-widget_type=\"image-box.default\">\n\t\t\t\t<div class=\"elementor-widget-container\">\n\t\t\t<div class=\"elementor-image-box-wrapper\"><figure class=\"elementor-image-box-img\"><a href=\"#\" tabindex=\"-1\"><img decoding=\"async\" src=\"https:\/\/www.ubytovanieupetra.sk\/wp-content\/uploads\/elementor\/thumbs\/kysucka-galeria-oscadnica-2024-4-qukn658ge8df9ney0k2jzbf9diz71iwrwll7jvhlvy.jpg\" title=\"kysucka-galeria-oscadnica-2024-4\" alt=\"kysucka-galeria-oscadnica-2024-4\" class=\"elementor-animation-grow\" loading=\"lazy\" \/><\/a><\/figure><div class=\"elementor-image-box-content\"><h4 class=\"elementor-image-box-title\"><a href=\"#\">Kysuck\u00e1 gal\u00e9ria v O\u0161\u010dadnici<\/a><\/h4><p class=\"elementor-image-box-description\"><b>Pre milovn\u00edkov umenia<\/b> je tu Kysuck\u00e1 gal\u00e9ria, ktor\u00e1 s\u00eddli v historickom ka\u0161tieli. Gal\u00e9ria <b>pon\u00faka st\u00e1lu expoz\u00edciu aj do\u010dasn\u00e9 v\u00fdstavy slovensk\u00e9ho v\u00fdtvarn\u00e9ho umenia.<\/b> N\u00e1v\u0161teva gal\u00e9rie sp\u00e1ja kult\u00faru s prech\u00e1dzkou po n\u00e1dhernom okol\u00ed ka\u0161tie\u013ea.<\/p><\/div><\/div>\t\t<\/div>\n\t\t\t\t<\/div>\n\t\t\t\t<\/div>\n\t\t\t\t<\/div>\n\t\t\t\t<\/div>\n\t\t<div class=\"elementor-element elementor-element-9275e09 e-flex e-con-boxed e-con e-parent\" data-id=\"9275e09\" data-element_type=\"container\">\n\t\t\t\t\t<div class=\"e-con-inner\">\n\t\t\t\t\t<\/div>\n\t\t\t\t<\/div>\n\t\t<footer class=\"elementor-element elementor-element-355a0458 e-con-full e-flex e-con e-parent\" data-id=\"355a0458\" data-element_type=\"container\" data-settings=\"{&quot;background_background&quot;:&quot;classic&quot;}\">\n\t\t<div class=\"elementor-element elementor-element-9dddfce e-con-full e-flex e-con e-child\" data-id=\"9dddfce\" data-element_type=\"container\">\n\t\t\t\t<div class=\"elementor-element elementor-element-18288f15 elementor-widget elementor-widget-image\" data-id=\"18288f15\" data-element_type=\"widget\" data-widget_type=\"image.default\">\n\t\t\t\t<div class=\"elementor-widget-container\">\n\t\t\t\t\t\t\t\t\t\t\t\t\t<img decoding=\"async\" src=\"https:\/\/www.ubytovanieupetra.sk\/wp-content\/uploads\/2024\/09\/Ubytovanie-u-petra-e1727189003752.png\" title=\"Ubytovanie u petra\" alt=\"Ubytovanie u petra\" loading=\"lazy\" \/>\t\t\t\t\t\t\t\t\t\t\t\t\t<\/div>\n\t\t\t\t<\/div>\n\t\t\t\t<\/div>\n\t\t<div class=\"elementor-element elementor-element-374344dc e-con-full e-flex e-con e-child\" data-id=\"374344dc\" data-element_type=\"container\">\n\t\t\t\t<div class=\"elementor-element elementor-element-2b1df249 elementor-icon-list--layout-inline elementor-tablet-align-center elementor-align-center elementor-list-item-link-full_width elementor-widget elementor-widget-icon-list\" data-id=\"2b1df249\" data-element_type=\"widget\" data-widget_type=\"icon-list.default\">\n\t\t\t\t<div class=\"elementor-widget-container\">\n\t\t\t\t\t<ul class=\"elementor-icon-list-items elementor-inline-items\">\n\t\t\t\t\t\t\t<li class=\"elementor-icon-list-item elementor-inline-item\">\n\t\t\t\t\t\t\t\t\t\t\t<a href=\"tel:+421905119255\">\n\n\t\t\t\t\t\t\t\t\t\t\t<span class=\"elementor-icon-list-text\"><b>+421 905 119 255<\/b><\/span>\n\t\t\t\t\t\t\t\t\t\t\t<\/a>\n\t\t\t\t\t\t\t\t\t<\/li>\n\t\t\t\t\t\t\t\t<li class=\"elementor-icon-list-item elementor-inline-item\">\n\t\t\t\t\t\t\t\t\t\t<span class=\"elementor-icon-list-text\"><b>O\u0161\u010dadnica 1363<\/b>, 023 01<\/span>\n\t\t\t\t\t\t\t\t\t<\/li>\n\t\t\t\t\t\t\t\t<li class=\"elementor-icon-list-item elementor-inline-item\">\n\t\t\t\t\t\t\t\t\t\t<span class=\"elementor-icon-list-text\">Pondelok-Nede\u013ea 10:00 - 17:00<\/span>\n\t\t\t\t\t\t\t\t\t<\/li>\n\t\t\t\t\t\t<\/ul>\n\t\t\t\t<\/div>\n\t\t\t\t<\/div>\n\t\t\t\t<\/div>\n\t\t\t\t<\/footer>\n\t\t<div class=\"elementor-element elementor-element-79d23d28 e-con-full e-flex e-con e-parent\" data-id=\"79d23d28\" data-element_type=\"container\" data-settings=\"{&quot;background_background&quot;:&quot;classic&quot;}\">\n\t\t\t\t<div class=\"elementor-element elementor-element-c118f93 elementor-widget elementor-widget-heading\" data-id=\"c118f93\" data-element_type=\"widget\" data-widget_type=\"heading.default\">\n\t\t\t\t<div class=\"elementor-widget-container\">\n\t\t\t<p class=\"elementor-heading-title elementor-size-default\"><b>Ubytovanie u Petra <\/b>\u00a9 All Rights Reserved.<\/p>\t\t<\/div>\n\t\t\t\t<\/div>\n\t\t\t\t<\/div>\n\t\t\t\t<\/div>\n\t\t","protected":false},"excerpt":{"rendered":"<p>Kontaktujte n\u00e1s \u2013 te\u0161\u00edme sa na va\u0161u n\u00e1v\u0161tevu! Vypl\u0148te formul\u00e1r ni\u017e\u0161ie alebo n\u00e1m zavolajte.&nbsp; Overi\u0165 dostupnos\u0165 +421 905 119 255 Va\u0161e meno V\u00e1\u0161 email Predmet Va\u0161a spr\u00e1va (volite\u013en\u00e9) Kam na v\u00fdlet ? Spoznajte regi\u00f3n v okol\u00ed zdroj: https:\/\/snowparadise.sk\/ , https:\/\/www.kysuckagaleria.sk\/ Snowparadise Ve\u013ek\u00e1 ra\u010da Ve\u013ek\u00e1 Ra\u010da je v\u00fdznamn\u00fd turistick\u00fd a ly\u017eiarsky cie\u013e na Kysuciach, najvy\u0161\u0161\u00ed vrch [&hellip;]<\/p>\n","protected":false},"author":1,"featured_media":0,"parent":0,"menu_order":0,"comment_status":"closed","ping_status":"closed","template":"","meta":{"footnotes":""},"class_list":["post-223","page","type-page","status-publish","hentry"],"_links":{"self":[{"href":"https:\/\/www.ubytovanieupetra.sk\/index.php?rest_route=\/wp\/v2\/pages\/223","targetHints":{"allow":["GET"]}}],"collection":[{"href":"https:\/\/www.ubytovanieupetra.sk\/index.php?rest_route=\/wp\/v2\/pages"}],"about":[{"href":"https:\/\/www.ubytovanieupetra.sk\/index.php?rest_route=\/wp\/v2\/types\/page"}],"author":[{"embeddable":true,"href":"https:\/\/www.ubytovanieupetra.sk\/index.php?rest_route=\/wp\/v2\/users\/1"}],"replies":[{"embeddable":true,"href":"https:\/\/www.ubytovanieupetra.sk\/index.php?rest_route=%2Fwp%2Fv2%2Fcomments&post=223"}],"version-history":[{"count":13,"href":"https:\/\/www.ubytovanieupetra.sk\/index.php?rest_route=\/wp\/v2\/pages\/223\/revisions"}],"predecessor-version":[{"id":372,"href":"https:\/\/www.ubytovanieupetra.sk\/index.php?rest_route=\/wp\/v2\/pages\/223\/revisions\/372"}],"wp:attachment":[{"href":"https:\/\/www.ubytovanieupetra.sk\/index.php?rest_route=%2Fwp%2Fv2%2Fmedia&parent=223"}],"curies":[{"name":"wp","href":"https:\/\/api.w.org\/{rel}","templated":true}]}}